{"id":145,"date":"2021-01-13T11:57:49","date_gmt":"2021-01-13T11:57:49","guid":{"rendered":"https:\/\/jakotrans.ee\/?page_id=145"},"modified":"2026-02-28T15:48:43","modified_gmt":"2026-02-28T15:48:43","slug":"puksiir-ja-tranaporditeenus","status":"publish","type":"page","link":"https:\/\/jakotrans.ee\/ru\/puksiir-ja-tranaporditeenus\/","title":{"rendered":"\u0423\u0441\u043b\u0443\u0433\u0438 \u043f\u043e \u0431\u0443\u043a\u0441\u0438\u0440\u043e\u0432\u043a\u0435, \u0442\u0440\u0430\u043d\u0441\u043f\u043e\u0440\u0442\u0438\u0440\u043e\u0432\u043a\u0435 \u0438 \u043f\u043e\u0434\u044a\u0435\u043c\u0443 \u0433\u0440\u0443\u0437\u043e\u0432"},"content":{"rendered":"<p class=\"has-black-color has-text-color\">\u00a0<\/p>\r\n\r\n<p>&nbsp;<\/p>\r\n\r\n<p class=\"has-white-color has-text-color\">|| PUKSIIR-, TRANSPORDI- JA T\u00d5STETEENUSED \u00d6\u00d6P\u00c4EVARINGSELT || KUNI 12000KG || 56606666 ||<\/p>\r\n\r\n<p>&nbsp;<\/p>\r\n\r\n<div class=\"wp-block-group\">\r\n<div class=\"wp-block-group__inner-container is-layout-flow wp-block-group-is-layout-flow\">\r\n<figure class=\"wp-block-table aligncenter is-style-stripes\">\r\n<table>\r\n<tbody>\r\n<tr>\r\n<td>\r\n<h3 class=\"western\" lang=\"en-US\"><span style=\"color: #111111;\"><span style=\"font-family: Arial, serif;\"><span style=\"font-size: medium;\"><span lang=\"ru-RU\">\u0414\u043e 2500 \u043a\u0433<\/span><\/span><\/span><\/span><\/h3>\r\n<\/td>\r\n<td>\r\n<h3 class=\"western\" lang=\"en-US\"><span style=\"color: #111111;\"><span style=\"font-family: Arial, serif;\"><span style=\"font-size: medium;\"><span lang=\"ru-RU\">\u0414\u043e 5000 \u043a\u0433<\/span><\/span><\/span><\/span><\/h3>\r\n<\/td>\r\n<td>\r\n<h3 class=\"western\" lang=\"en-US\"><span style=\"color: #111111;\"><span style=\"font-family: Arial, serif;\"><span style=\"font-size: medium;\"><span lang=\"ru-RU\">\u0414\u043e 8000 \u043a\u0433<\/span><\/span><\/span><\/span><\/h3>\r\n<\/td>\r\n<td>\r\n<h3 class=\"western\" lang=\"en-US\"><span style=\"color: #111111;\"><span style=\"font-family: Arial, serif;\"><span style=\"font-size: medium;\"><span lang=\"ru-RU\">\u0414\u043e 12000 \u043a\u0433<\/span><\/span><\/span><\/span><\/h3>\r\n<\/td>\r\n<\/tr>\r\n<tr>\r\n<td>\r\n<h3 class=\"western\" lang=\"en-US\"><span style=\"color: #111111;\"><span style=\"font-family: Arial, serif;\"><span style=\"font-size: medium;\"><span lang=\"ru-RU\">\u043e\u0442 45 \u20ac\u00a0<\/span><\/span><\/span><\/span><\/h3>\r\n<\/td>\r\n<td>\r\n<h3 class=\"western\" lang=\"en-US\"><span style=\"color: #111111;\"><span style=\"font-family: Arial, serif;\"><span style=\"font-size: medium;\"><span lang=\"ru-RU\">\u043e\u0442 50 \u20ac<\/span><\/span><\/span><\/span><\/h3>\r\n<\/td>\r\n<td>\r\n<h3 class=\"western\" lang=\"en-US\"><span style=\"color: #111111;\"><span style=\"font-family: Arial, serif;\"><span style=\"font-size: medium;\"><span lang=\"ru-RU\">\u043e\u0442 55 \u20ac<\/span><\/span><\/span><\/span><\/h3>\r\n<\/td>\r\n<td>\r\n<h3 class=\"western\" lang=\"en-US\"><span style=\"color: #111111;\"><span style=\"font-family: Arial, serif;\"><span style=\"font-size: medium;\"><span lang=\"ru-RU\">\u043e\u0442 60 \u20ac<\/span><\/span><\/span><\/span><\/h3>\r\n<\/td>\r\n<\/tr>\r\n<tr>\r\n<td><img loading=\"lazy\" decoding=\"async\" width=\"150\" height=\"113\" class=\"wp-image-117\" style=\"width: 150px;\" src=\"https:\/\/jakotrans.ee\/wp-content\/uploads\/2021\/01\/Jako1.jpg\" alt=\"\" srcset=\"https:\/\/jakotrans.ee\/wp-content\/uploads\/2021\/01\/Jako1.jpg 960w, https:\/\/jakotrans.ee\/wp-content\/uploads\/2021\/01\/Jako1-300x225.jpg 300w, https:\/\/jakotrans.ee\/wp-content\/uploads\/2021\/01\/Jako1-768x576.jpg 768w\" sizes=\"auto, (max-width: 150px) 100vw, 150px\" \/><\/td>\r\n<td><img loading=\"lazy\" decoding=\"async\" width=\"150\" height=\"113\" class=\"wp-image-184\" style=\"width: 150px;\" src=\"https:\/\/jakotrans.ee\/wp-content\/uploads\/2021\/01\/666azo-2.jpg\" alt=\"TEST ALL TEXT\" srcset=\"https:\/\/jakotrans.ee\/wp-content\/uploads\/2021\/01\/666azo-2.jpg 1440w, https:\/\/jakotrans.ee\/wp-content\/uploads\/2021\/01\/666azo-2-300x225.jpg 300w, https:\/\/jakotrans.ee\/wp-content\/uploads\/2021\/01\/666azo-2-1024x768.jpg 1024w, https:\/\/jakotrans.ee\/wp-content\/uploads\/2021\/01\/666azo-2-768x576.jpg 768w\" sizes=\"auto, (max-width: 150px) 100vw, 150px\" \/><\/td>\r\n<td><img loading=\"lazy\" decoding=\"async\" width=\"160\" height=\"108\" class=\"wp-image-119\" style=\"width: 160px;\" src=\"https:\/\/jakotrans.ee\/wp-content\/uploads\/2021\/01\/66SSS-1.jpg\" alt=\"\" srcset=\"https:\/\/jakotrans.ee\/wp-content\/uploads\/2021\/01\/66SSS-1.jpg 2016w, https:\/\/jakotrans.ee\/wp-content\/uploads\/2021\/01\/66SSS-1-300x202.jpg 300w, https:\/\/jakotrans.ee\/wp-content\/uploads\/2021\/01\/66SSS-1-1024x689.jpg 1024w, https:\/\/jakotrans.ee\/wp-content\/uploads\/2021\/01\/66SSS-1-768x517.jpg 768w, https:\/\/jakotrans.ee\/wp-content\/uploads\/2021\/01\/66SSS-1-1536x1033.jpg 1536w\" sizes=\"auto, (max-width: 160px) 100vw, 160px\" \/><\/td>\r\n<td><img loading=\"lazy\" decoding=\"async\" width=\"150\" height=\"113\" class=\"wp-image-122\" style=\"width: 150px;\" src=\"https:\/\/jakotrans.ee\/wp-content\/uploads\/2021\/01\/666JAK-1.jpg\" alt=\"\" srcset=\"https:\/\/jakotrans.ee\/wp-content\/uploads\/2021\/01\/666JAK-1.jpg 1440w, https:\/\/jakotrans.ee\/wp-content\/uploads\/2021\/01\/666JAK-1-300x225.jpg 300w, https:\/\/jakotrans.ee\/wp-content\/uploads\/2021\/01\/666JAK-1-1024x768.jpg 1024w, https:\/\/jakotrans.ee\/wp-content\/uploads\/2021\/01\/666JAK-1-768x576.jpg 768w\" sizes=\"auto, (max-width: 150px) 100vw, 150px\" \/><\/td>\r\n<\/tr>\r\n<\/tbody>\r\n<\/table>\r\n<\/figure>\r\n<\/div>\r\n<\/div>\r\n\r\n<p>&nbsp;<\/p>\r\n\r\n<p lang=\"en-US\" align=\"center\"><span style=\"font-family: Times New Roman, serif;\"><span style=\"font-size: medium;\"><span style=\"color: #000000;\"><span style=\"font-family: Arial, serif;\"><span style=\"font-size: xx-small;\"><span lang=\"ru-RU\">\u041a \u0446\u0435\u043d\u0430\u043c \u0434\u043e\u0431\u0430\u0432\u043b\u044f\u0435\u0442\u0441\u044f \u041d\u0421\u041e 24%.<br \/>\u041d\u043e\u0447\u044c\u044e \u0441\u0442\u043e\u0438\u043c\u043e\u0441\u0442\u044c \u0431\u0443\u043a\u0441\u0438\u0440\u043e\u0432\u043e\u0447\u043d\u044b\u0445 \u0438 \u0442\u0440\u0430\u043d\u0441\u043f\u043e\u0440\u0442\u043d\u044b\u0445 \u0443\u0441\u043b\u0443\u0433 \u043f\u043e \u0434\u043e\u0433\u043e\u0432\u043e\u0440\u0435\u043d\u043d\u043e\u0441\u0442\u0438.<\/span><\/span><\/span><\/span><\/span><\/span><\/p>\r\n\r\n<p>&nbsp;<\/p>\r\n\r\n<p lang=\"en-US\"><span style=\"font-family: Times New Roman, serif;\"><span style=\"font-size: medium;\"><span style=\"color: #5c5c5c;\"><span style=\"font-family: Arial, serif;\"><span style=\"font-size: small;\"><span lang=\"ru-RU\">\u041f\u0440\u0435\u0434\u043b\u0430\u0433\u0430\u0435\u043c \u0431\u0443\u043a\u0441\u0438\u0440\u043e\u0432\u043e\u0447\u043d\u044b\u0435 \u0438 \u0442\u0440\u0430\u043d\u0441\u043f\u043e\u0440\u0442\u043d\u044b\u0435 \u0443\u0441\u043b\u0443\u0433\u0438 \u0434\u043b\u044f \u0440\u0430\u0437\u043b\u0438\u0447\u043d\u044b\u0445 \u0442\u0440\u0430\u043d\u0441\u043f\u043e\u0440\u0442\u043d\u044b\u0445 \u0441\u0440\u0435\u0434\u0441\u0442\u0432 \u0438 \u0442\u0435\u0445\u043d\u0438\u043a\u0438. \u041d\u0430\u0448\u0438 \u044d\u0432\u0430\u043a\u0443\u0430\u0442\u043e\u0440\u044b \u043e\u0441\u043d\u0430\u0449\u0435\u043d\u044b \u0440\u0430\u0437\u043b\u0438\u0447\u043d\u044b\u043c \u043e\u0431\u043e\u0440\u0443\u0434\u043e\u0432\u0430\u043d\u0438\u0435\u043c, \u0441 \u043f\u043e\u043c\u043e\u0449\u044c\u044e \u043a\u043e\u0442\u043e\u0440\u043e\u0433\u043e \u043c\u044b \u043c\u043e\u0436\u0435\u043c \u043f\u0440\u0435\u0434\u043b\u043e\u0436\u0438\u0442\u044c \u0431\u0443\u043a\u0441\u0438\u0440\u043e\u0432\u043a\u0443 \u043a\u0430\u043a \u0430\u0432\u0430\u0440\u0438\u0439\u043d\u044b\u0445 \u0430\u0432\u0442\u043e\u043c\u043e\u0431\u0438\u043b\u0435\u0439, \u0430\u0432\u0442\u043e\u0445\u043b\u0430\u043c\u0430, \u0442\u0430\u043a \u0438, \u043d\u0430\u043f\u0440\u0438\u043c\u0435\u0440, \u0437\u0430\u0441\u0442\u0440\u044f\u0432\u0448\u0438\u0445 \u0430\u0432\u0442\u043e\u043c\u043e\u0431\u0438\u043b\u0435\u0439. \u0412\u043d\u0435 \u0437\u0430\u0432\u0438\u0441\u0438\u043c\u043e\u0441\u0442\u0438 \u043e\u0442 \u0432\u0440\u0435\u043c\u0435\u043d\u0438 \u0433\u043e\u0434\u0430 \u043c\u044b \u043c\u043e\u0436\u0435\u043c \u043f\u0440\u0435\u0434\u043b\u043e\u0436\u0438\u0442\u044c \u043f\u043e\u043c\u043e\u0449\u044c, \u0435\u0441\u043b\u0438 \u0412\u044b \u0437\u0430\u0441\u0442\u0440\u044f\u043b\u0438, \u043d\u0430\u043f\u0440\u0438\u043c\u0435\u0440, \u043d\u0430 \u0437\u0430\u0441\u043d\u0435\u0436\u0435\u043d\u043d\u043e\u0439 \u0434\u043e\u0440\u043e\u0433\u0435 \u0438\u043b\u0438 \u0432 \u0433\u0440\u044f\u0437\u0438 \u0432 \u043b\u0435\u0441\u0443.<\/span><\/span><\/span><\/span><\/span><\/span><\/p>\r\n\r\n<p>&nbsp;<\/p>\r\n\r\n<div class=\"wp-block-image\">\r\n<figure class=\"aligncenter size-large\"><img loading=\"lazy\" decoding=\"async\" width=\"794\" height=\"207\" class=\"wp-image-218\" src=\"https:\/\/jakotrans.ee\/wp-content\/uploads\/2021\/01\/image.png\" alt=\"\" srcset=\"https:\/\/jakotrans.ee\/wp-content\/uploads\/2021\/01\/image.png 794w, https:\/\/jakotrans.ee\/wp-content\/uploads\/2021\/01\/image-300x78.png 300w, https:\/\/jakotrans.ee\/wp-content\/uploads\/2021\/01\/image-768x200.png 768w\" sizes=\"auto, (max-width: 794px) 100vw, 794px\" \/><\/figure>\r\n<\/div>\r\n\r\n<p>&nbsp;<\/p>\r\n\r\n<p lang=\"en-US\"><span style=\"font-family: Times New Roman, serif;\"><span style=\"font-size: medium;\"><span style=\"color: #5c5c5c;\"><span style=\"font-family: Arial, serif;\"><span style=\"font-size: small;\"><span lang=\"ru-RU\">\u041c\u044b \u0442\u0430\u043a\u0436\u0435 \u0441\u043e\u0442\u0440\u0443\u0434\u043d\u0438\u0447\u0430\u0435\u043c \u0441 \u0440\u0430\u0437\u043b\u0438\u0447\u043d\u044b\u043c\u0438 \u043a\u043e\u043c\u043f\u0430\u043d\u0438\u044f\u043c\u0438, \u043f\u0440\u0435\u0434\u043b\u0430\u0433\u0430\u044f \u043f\u043e\u043c\u0438\u043c\u043e \u043f\u0435\u0440\u0435\u0432\u043e\u0437\u043a\u0438 \u043b\u0435\u0433\u043a\u043e\u0432\u044b\u0445 \u0430\u0432\u0442\u043e\u043c\u043e\u0431\u0438\u043b\u0435\u0439 \u0442\u0430\u043a\u0436\u0435 \u0442\u0440\u0430\u043d\u0441\u043f\u043e\u0440\u0442\u0438\u0440\u043e\u0432\u043a\u0443 \u0442\u0435\u0445\u043d\u0438\u043a\u0438, \u0432 \u0442.\u0447. \u0438 \u0441\u0442\u0440\u043e\u0438\u0442\u0435\u043b\u044c\u043d\u043e\u0439. \u0412 \u0441\u043b\u0443\u0447\u0430\u0435 \u0431\u043e\u043b\u0435\u0435 \u0434\u043b\u0438\u0442\u0435\u043b\u044c\u043d\u043e\u0433\u043e \u0441\u043e\u0442\u0440\u0443\u0434\u043d\u0438\u0447\u0435\u0441\u0442\u0432\u0430 \u043c\u044b \u043c\u043e\u0436\u0435\u043c \u0441\u043e\u0441\u0442\u0430\u0432\u0438\u0442\u044c \u0412\u0430\u043c \u0446\u0435\u043d\u043e\u0432\u043e\u0435 \u043f\u0440\u0435\u0434\u043b\u043e\u0436\u0435\u043d\u0438\u0435 \u0432 \u0441\u043e\u043e\u0442\u0432\u0435\u0442\u0441\u0442\u0432\u0438\u0438 \u0441 \u043f\u043e\u0442\u0440\u0435\u0431\u043d\u043e\u0441\u0442\u044f\u043c\u0438 \u0442\u0440\u0430\u043d\u0441\u043f\u043e\u0440\u0442\u043d\u044b\u0445 \u0443\u0441\u043b\u0443\u0433 \u0412\u0430\u0448\u0435\u0439 \u043a\u043e\u043c\u043f\u0430\u043d\u0438\u0438.<br \/><br \/>\u041c\u044b \u043e\u043a\u0430\u0437\u044b\u0432\u0430\u043b\u0438 \u043f\u043e\u0434\u0434\u0435\u0440\u0436\u043a\u0443 \u043a\u043e\u043c\u0430\u043d\u0434\u0435 \u043e\u0440\u0433\u0430\u043d\u0438\u0437\u0430\u0442\u043e\u0440\u043e\u0432 \u0433\u043e\u043d\u043a\u0438 \u043d\u0430 \u0432\u044b\u0436\u0438\u0432\u0430\u043d\u0438\u0435 \u00abIda-Eesti Romuring\u00bb, \u043f\u0440\u0435\u0434\u043b\u0430\u0433\u0430\u044f \u0434\u043e\u0441\u0442\u0430\u0432\u043a\u0443 \u0438 \u0432\u044b\u0432\u043e\u0437 \u0443\u0447\u0430\u0441\u0442\u0432\u043e\u0432\u0430\u0432\u0448\u0438\u0445 \u0432 \u0433\u043e\u043d\u043a\u0435 \u0430\u0432\u0442\u043e\u043c\u043e\u0431\u0438\u043b\u0435\u0439. \u0422\u0430\u043a \u0447\u0442\u043e, \u0435\u0441\u043b\u0438 \u0412\u0430\u043c \u043d\u0443\u0436\u043d\u043e \u043f\u0440\u0438\u0432\u0435\u0437\u0442\u0438 \u0438\u043b\u0438 \u0443\u0432\u0435\u0437\u0442\u0438 \u043a\u0430\u043a\u0443\u044e-\u043b\u0438\u0431\u043e \u0442\u0435\u0445\u043d\u0438\u043a\u0443 \u043f\u0440\u0438 \u043e\u0440\u0433\u0430\u043d\u0438\u0437\u0430\u0446\u0438\u0438 \u043c\u0435\u0440\u043e\u043f\u0440\u0438\u044f\u0442\u0438\u044f, \u043f\u0440\u043e\u0441\u0442\u043e \u0434\u0430\u0439\u0442\u0435 \u043d\u0430\u043c \u0437\u043d\u0430\u0442\u044c!<\/span><\/span><\/span><\/span><\/span><\/span><\/p>","protected":false},"excerpt":{"rendered":"<p>\u00a0 &nbsp; || PUKSIIR-, TRANSPORDI- JA T\u00d5STETEENUSED \u00d6\u00d6P\u00c4EVARINGSELT || KUNI 12000KG || [&hellip;]<\/p>\n","protected":false},"author":2,"featured_media":0,"parent":0,"menu_order":0,"comment_status":"closed","ping_status":"closed","template":"","meta":{"footnotes":""},"class_list":["post-145","page","type-page","status-publish","hentry"],"_links":{"self":[{"href":"https:\/\/jakotrans.ee\/ru\/wp-json\/wp\/v2\/pages\/145","targetHints":{"allow":["GET"]}}],"collection":[{"href":"https:\/\/jakotrans.ee\/ru\/wp-json\/wp\/v2\/pages"}],"about":[{"href":"https:\/\/jakotrans.ee\/ru\/wp-json\/wp\/v2\/types\/page"}],"author":[{"embeddable":true,"href":"https:\/\/jakotrans.ee\/ru\/wp-json\/wp\/v2\/users\/2"}],"replies":[{"embeddable":true,"href":"https:\/\/jakotrans.ee\/ru\/wp-json\/wp\/v2\/comments?post=145"}],"version-history":[{"count":79,"href":"https:\/\/jakotrans.ee\/ru\/wp-json\/wp\/v2\/pages\/145\/revisions"}],"predecessor-version":[{"id":903,"href":"https:\/\/jakotrans.ee\/ru\/wp-json\/wp\/v2\/pages\/145\/revisions\/903"}],"wp:attachment":[{"href":"https:\/\/jakotrans.ee\/ru\/wp-json\/wp\/v2\/media?parent=145"}],"curies":[{"name":"wp","href":"https:\/\/api.w.org\/{rel}","templated":true}]}}